{"id":315,"date":"2023-05-04T21:15:23","date_gmt":"2023-05-04T21:15:23","guid":{"rendered":"https:\/\/evin-rajskivrt.si\/?page_id=315"},"modified":"2023-05-15T06:45:14","modified_gmt":"2023-05-15T06:45:14","slug":"nacini-placila-dostava-vracila-2","status":"publish","type":"page","link":"https:\/\/evin-rajskivrt.si\/en\/nacini-placila-dostava-vracila-2\/","title":{"rendered":"Payment methods, delivery, returns"},"content":{"rendered":"<h3 class=\"wp-block-heading\">Payment methods<\/h3>\n\n\n\n<p>The ERV online store currently allows the following payment methods:<\/p>\n\n\n\n<ul class=\"wp-block-list\">\n<li>with cash on delivery when picking up the package via Po\u0161ta Slovenija<\/li>\n\n\n\n<li>according to the estimate or transfer to TRR (UPN order) to the company's account<\/li>\n<\/ul>\n\n\n\n<h3 class=\"wp-block-heading\">Delivery<\/h3>\n\n\n\n<p>Cash on delivery orders placed on weekdays before 10:00 a.m. are shipped the same day or the next day at the latest. Packages are delivered within three to five working days via Po\u0161ta Slovenija. If the delivery time is longer, we will inform you within 48 hours.<\/p>\n\n\n\n<p>Orders with advance payment are shipped when we receive the transfer of the entire amount to our TRR.<\/p>\n\n\n\n<p>Orders placed on weekends or holidays are processed and shipped the next business day.<\/p>\n\n\n\n<p>Stro\u0161ki pakiranja in dostave so brezpla\u010dni ob nakupu nad 110 eur. Za naro\u010dila do 110 eur pa je cena dostave 7,25 brez DDV.<\/p>\n\n\n\n<p>Prices and delivery conditions apply only to the area within the Republic of Slovenia.<\/p>\n\n\n\n<p class=\"translation-block\">Self-pickup is possible only with prior agreement. We suggest that you contact us by email at <a href=\"mailto:info@evin-rajskivrt.si\" target=\"_self\">info@evin-rajskivrt.si<\/a> or by phone at +386 69 772 427.<\/p>\n\n\n\n<p>Sale and delivery of goods is possible on the territory of the Republic of Slovenia. We deliver abroad upon prior individual agreement.<\/p>\n\n\n\n<h3 class=\"wp-block-heading\">Refunds<\/h3>\n\n\n\n<p class=\"translation-block\">The buyer has the right to withdraw from the contract within 14 days, without giving a reason. The resignation must be communicated to <a href=\"mailto:info@evin-rajskivrt.si\" target=\"_self\">info@evin-rajskivrt.si<\/a>. Furthermore, within 14 days after the notice of resignation, he must return the goods to the company ERV at the address I\u0161ka vas 37, 1291 Ig. In this case, the cost of returning the goods is borne by the buyer or the consumer.<\/p>\n\n\n\n<p>The buyer must return the item to the seller undamaged and in the same quantity. Unless the item is destroyed, damaged, lost through no fault of the buyer.<\/p>\n\n\n\n<p>When returning the goods, the buyer must also send the invoice for the goods and personal data, as well as the number of the transaction account to which he wishes to receive the returned payment. Refunds are made no later than 14 days from the return of the goods.<\/p>","protected":false},"excerpt":{"rendered":"<p>Na\u010dini pla\u010dila Spletna trgovina ERV trenutno omogo\u010da naslednje na\u010dine pla\u010dila: Dostava Naro\u010dila s pla\u010dilom po povzetju, oddana med delavnikom do 10.00 ure odpo\u0161ljemo isti dan ali najkasneje naslednji dan. Paketi so dostavljeni v treh do petih delovnih dneh preko Po\u0161te Slovenija. V kolikor bo rok dostave dalj\u0161i, vas bomo o tem obvestili v roku 48&#8230;<\/p>","protected":false},"author":1,"featured_media":0,"parent":0,"menu_order":0,"comment_status":"closed","ping_status":"closed","template":"","meta":{"footnotes":""},"class_list":["post-315","page","type-page","status-publish","hentry"],"yoast_head":"<!-- This site is optimized with the Yoast SEO plugin v27.2 - https:\/\/yoast.com\/product\/yoast-seo-wordpress\/ -->\n<title>Na\u010dini pla\u010dila, dostava, vra\u010dila - Evin Rajski Vrt<\/title>\n<meta name=\"robots\" content=\"index, follow, max-snippet:-1, max-image-preview:large, max-video-preview:-1\" \/>\n<link rel=\"canonical\" href=\"https:\/\/evin-rajskivrt.si\/en\/nacini-placila-dostava-vracila-2\/\" \/>\n<meta property=\"og:locale\" content=\"en_US\" \/>\n<meta property=\"og:type\" content=\"article\" \/>\n<meta property=\"og:title\" content=\"Na\u010dini pla\u010dila, dostava, vra\u010dila - Evin Rajski Vrt\" \/>\n<meta property=\"og:description\" content=\"Na\u010dini pla\u010dila Spletna trgovina ERV trenutno omogo\u010da naslednje na\u010dine pla\u010dila: Dostava Naro\u010dila s pla\u010dilom po povzetju, oddana med delavnikom do 10.00 ure odpo\u0161ljemo isti dan ali najkasneje naslednji dan. Paketi so dostavljeni v treh do petih delovnih dneh preko Po\u0161te Slovenija. V kolikor bo rok dostave dalj\u0161i, vas bomo o tem obvestili v roku 48...\" \/>\n<meta property=\"og:url\" content=\"https:\/\/evin-rajskivrt.si\/en\/nacini-placila-dostava-vracila-2\/\" \/>\n<meta property=\"og:site_name\" content=\"Evin Rajski Vrt\" \/>\n<meta property=\"article:publisher\" content=\"https:\/\/www.facebook.com\/profile.php?id=100083402975661\" \/>\n<meta property=\"article:modified_time\" content=\"2023-05-15T06:45:14+00:00\" \/>\n<meta name=\"twitter:card\" content=\"summary_large_image\" \/>\n<meta name=\"twitter:label1\" content=\"Est. reading time\" \/>\n\t<meta name=\"twitter:data1\" content=\"2 minutes\" \/>\n<script type=\"application\/ld+json\" class=\"yoast-schema-graph\">{\"@context\":\"https:\/\/schema.org\",\"@graph\":[{\"@type\":\"WebPage\",\"@id\":\"https:\/\/evin-rajskivrt.si\/nacini-placila-dostava-vracila-2\/\",\"url\":\"https:\/\/evin-rajskivrt.si\/nacini-placila-dostava-vracila-2\/\",\"name\":\"Na\u010dini pla\u010dila, dostava, vra\u010dila - Evin Rajski Vrt\",\"isPartOf\":{\"@id\":\"https:\/\/evin-rajskivrt.si\/#website\"},\"datePublished\":\"2023-05-04T21:15:23+00:00\",\"dateModified\":\"2023-05-15T06:45:14+00:00\",\"breadcrumb\":{\"@id\":\"https:\/\/evin-rajskivrt.si\/nacini-placila-dostava-vracila-2\/#breadcrumb\"},\"inLanguage\":\"en-US\",\"potentialAction\":[{\"@type\":\"ReadAction\",\"target\":[\"https:\/\/evin-rajskivrt.si\/nacini-placila-dostava-vracila-2\/\"]}]},{\"@type\":\"BreadcrumbList\",\"@id\":\"https:\/\/evin-rajskivrt.si\/nacini-placila-dostava-vracila-2\/#breadcrumb\",\"itemListElement\":[{\"@type\":\"ListItem\",\"position\":1,\"name\":\"Home\",\"item\":\"https:\/\/evin-rajskivrt.si\/\"},{\"@type\":\"ListItem\",\"position\":2,\"name\":\"Na\u010dini pla\u010dila, dostava, vra\u010dila\"}]},{\"@type\":\"WebSite\",\"@id\":\"https:\/\/evin-rajskivrt.si\/#website\",\"url\":\"https:\/\/evin-rajskivrt.si\/\",\"name\":\"Evin Rajski Vrt\",\"description\":\"Trgovina z organskimi dodatki za kmetijstvo\",\"publisher\":{\"@id\":\"https:\/\/evin-rajskivrt.si\/#organization\"},\"potentialAction\":[{\"@type\":\"SearchAction\",\"target\":{\"@type\":\"EntryPoint\",\"urlTemplate\":\"https:\/\/evin-rajskivrt.si\/?s={search_term_string}\"},\"query-input\":{\"@type\":\"PropertyValueSpecification\",\"valueRequired\":true,\"valueName\":\"search_term_string\"}}],\"inLanguage\":\"en-US\"},{\"@type\":\"Organization\",\"@id\":\"https:\/\/evin-rajskivrt.si\/#organization\",\"name\":\"Evin Rajski Vrt, Nina Intihar s.p.\",\"url\":\"https:\/\/evin-rajskivrt.si\/\",\"logo\":{\"@type\":\"ImageObject\",\"inLanguage\":\"en-US\",\"@id\":\"https:\/\/evin-rajskivrt.si\/#\/schema\/logo\/image\/\",\"url\":\"https:\/\/evin-rajskivrt.si\/wp-content\/uploads\/2022\/02\/shovels-transp-1.png\",\"contentUrl\":\"https:\/\/evin-rajskivrt.si\/wp-content\/uploads\/2022\/02\/shovels-transp-1.png\",\"width\":273,\"height\":57,\"caption\":\"Evin Rajski Vrt, Nina Intihar s.p.\"},\"image\":{\"@id\":\"https:\/\/evin-rajskivrt.si\/#\/schema\/logo\/image\/\"},\"sameAs\":[\"https:\/\/www.facebook.com\/profile.php?id=100083402975661\"]}]}<\/script>\n<!-- \/ Yoast SEO plugin. -->","yoast_head_json":{"title":"Na\u010dini pla\u010dila, dostava, vra\u010dila - Evin Rajski Vrt","robots":{"index":"index","follow":"follow","max-snippet":"max-snippet:-1","max-image-preview":"max-image-preview:large","max-video-preview":"max-video-preview:-1"},"canonical":"https:\/\/evin-rajskivrt.si\/en\/nacini-placila-dostava-vracila-2\/","og_locale":"en_US","og_type":"article","og_title":"Na\u010dini pla\u010dila, dostava, vra\u010dila - Evin Rajski Vrt","og_description":"Na\u010dini pla\u010dila Spletna trgovina ERV trenutno omogo\u010da naslednje na\u010dine pla\u010dila: Dostava Naro\u010dila s pla\u010dilom po povzetju, oddana med delavnikom do 10.00 ure odpo\u0161ljemo isti dan ali najkasneje naslednji dan. Paketi so dostavljeni v treh do petih delovnih dneh preko Po\u0161te Slovenija. V kolikor bo rok dostave dalj\u0161i, vas bomo o tem obvestili v roku 48...","og_url":"https:\/\/evin-rajskivrt.si\/en\/nacini-placila-dostava-vracila-2\/","og_site_name":"Evin Rajski Vrt","article_publisher":"https:\/\/www.facebook.com\/profile.php?id=100083402975661","article_modified_time":"2023-05-15T06:45:14+00:00","twitter_card":"summary_large_image","twitter_misc":{"Est. reading time":"2 minutes"},"schema":{"@context":"https:\/\/schema.org","@graph":[{"@type":"WebPage","@id":"https:\/\/evin-rajskivrt.si\/nacini-placila-dostava-vracila-2\/","url":"https:\/\/evin-rajskivrt.si\/nacini-placila-dostava-vracila-2\/","name":"Na\u010dini pla\u010dila, dostava, vra\u010dila - Evin Rajski Vrt","isPartOf":{"@id":"https:\/\/evin-rajskivrt.si\/#website"},"datePublished":"2023-05-04T21:15:23+00:00","dateModified":"2023-05-15T06:45:14+00:00","breadcrumb":{"@id":"https:\/\/evin-rajskivrt.si\/nacini-placila-dostava-vracila-2\/#breadcrumb"},"inLanguage":"en-US","potentialAction":[{"@type":"ReadAction","target":["https:\/\/evin-rajskivrt.si\/nacini-placila-dostava-vracila-2\/"]}]},{"@type":"BreadcrumbList","@id":"https:\/\/evin-rajskivrt.si\/nacini-placila-dostava-vracila-2\/#breadcrumb","itemListElement":[{"@type":"ListItem","position":1,"name":"Home","item":"https:\/\/evin-rajskivrt.si\/"},{"@type":"ListItem","position":2,"name":"Na\u010dini pla\u010dila, dostava, vra\u010dila"}]},{"@type":"WebSite","@id":"https:\/\/evin-rajskivrt.si\/#website","url":"https:\/\/evin-rajskivrt.si\/","name":"Evin Rajski Vrt","description":"Trgovina z organskimi dodatki za kmetijstvo","publisher":{"@id":"https:\/\/evin-rajskivrt.si\/#organization"},"potentialAction":[{"@type":"SearchAction","target":{"@type":"EntryPoint","urlTemplate":"https:\/\/evin-rajskivrt.si\/?s={search_term_string}"},"query-input":{"@type":"PropertyValueSpecification","valueRequired":true,"valueName":"search_term_string"}}],"inLanguage":"en-US"},{"@type":"Organization","@id":"https:\/\/evin-rajskivrt.si\/#organization","name":"Evin Rajski Vrt, Nina Intihar s.p.","url":"https:\/\/evin-rajskivrt.si\/","logo":{"@type":"ImageObject","inLanguage":"en-US","@id":"https:\/\/evin-rajskivrt.si\/#\/schema\/logo\/image\/","url":"https:\/\/evin-rajskivrt.si\/wp-content\/uploads\/2022\/02\/shovels-transp-1.png","contentUrl":"https:\/\/evin-rajskivrt.si\/wp-content\/uploads\/2022\/02\/shovels-transp-1.png","width":273,"height":57,"caption":"Evin Rajski Vrt, Nina Intihar s.p."},"image":{"@id":"https:\/\/evin-rajskivrt.si\/#\/schema\/logo\/image\/"},"sameAs":["https:\/\/www.facebook.com\/profile.php?id=100083402975661"]}]}},"jetpack_sharing_enabled":true,"_links":{"self":[{"href":"https:\/\/evin-rajskivrt.si\/en\/wp-json\/wp\/v2\/pages\/315","targetHints":{"allow":["GET"]}}],"collection":[{"href":"https:\/\/evin-rajskivrt.si\/en\/wp-json\/wp\/v2\/pages"}],"about":[{"href":"https:\/\/evin-rajskivrt.si\/en\/wp-json\/wp\/v2\/types\/page"}],"author":[{"embeddable":true,"href":"https:\/\/evin-rajskivrt.si\/en\/wp-json\/wp\/v2\/users\/1"}],"replies":[{"embeddable":true,"href":"https:\/\/evin-rajskivrt.si\/en\/wp-json\/wp\/v2\/comments?post=315"}],"version-history":[{"count":7,"href":"https:\/\/evin-rajskivrt.si\/en\/wp-json\/wp\/v2\/pages\/315\/revisions"}],"predecessor-version":[{"id":408,"href":"https:\/\/evin-rajskivrt.si\/en\/wp-json\/wp\/v2\/pages\/315\/revisions\/408"}],"wp:attachment":[{"href":"https:\/\/evin-rajskivrt.si\/en\/wp-json\/wp\/v2\/media?parent=315"}],"curies":[{"name":"wp","href":"https:\/\/api.w.org\/{rel}","templated":true}]}}